{"id":711,"date":"2024-05-08T17:56:31","date_gmt":"2024-05-08T15:56:31","guid":{"rendered":"https:\/\/elimfamilyfellowship.com\/elimspain\/?page_id=711"},"modified":"2025-10-01T14:25:31","modified_gmt":"2025-10-01T12:25:31","slug":"elim-almunecar","status":"publish","type":"page","link":"https:\/\/elimfamilyfellowship.com\/elimspain\/elim-almunecar\/","title":{"rendered":"ELIM ALMU\u00d1ECAR"},"content":{"rendered":"\n<p><a href=\"https:\/\/www.facebook.com\/elimalmunecar\">https:\/\/www.facebook.com\/elimalmunecar<\/a><\/p>\n\n\n\n\n<style type=\"text\/css\">\n<!--\n\n.prisna-gwt-align-left {\n\ttext-align: left !important;\n}\n.prisna-gwt-align-right {\n\ttext-align: right !important;\n}\n\n\n\nbody {\n\ttop: 0 !important;\n}\n.goog-te-banner-frame {\n\tdisplay: none !important;\n\tvisibility: hidden !important;\n}\n\n#goog-gt-tt,\n.goog-tooltip,\n.goog-tooltip:hover {\n\tdisplay: none !important;\n}\n.goog-text-highlight {\n\tbackground-color: transparent !important;\n\tborder: none !important;\n\tbox-shadow: none !important;\n}\n.translated-rtl font,\n.translated-ltr font {\n\tbackground-color: transparent !important;\n\tbox-shadow: none !important;\n\tbox-sizing: border-box !important;\n\t-webkit-box-sizing: border-box !important;\n\t-moz-box-sizing: border-box !important;\n}\n\n-->\n<\/style>\n\n\n\n<div id=\"google_translate_element\" class=\"prisna-gwt-align-left\"><\/div>\n<script type=\"text\/javascript\">\n\/*<![CDATA[*\/\nfunction initializeGoogleTranslateElement() {\n\tnew google.translate.TranslateElement({\n\t\tpageLanguage: \"en\",\n\t\tlayout: google.translate.TranslateElement.InlineLayout.HORIZONTAL,\n\t\tincludedLanguages: \"ca,en,es\"\n\t}, \"google_translate_element\");\n}\n\/*]]>*\/\n<\/script>\n<script type=\"text\/javascript\" src=\"\/\/translate.google.com\/translate_a\/element.js?cb=initializeGoogleTranslateElement\"><\/script>\n\n\n\n<ul class=\"wp-block-list\">\n<li><strong>Avenida de Europa n\u00ba_5 de Almu\u00f1\u00e9car,, Almu\u00f1\u00e9car, Spain<\/strong><\/li>\n\n\n\n<li><strong>+34 627 12 79 78<\/strong><\/li>\n\n\n\n<li><strong>patcrm@gmail.com<\/strong><\/li>\n<\/ul>\n\n\n<div class=\"wp-block-image\">\n<figure class=\"alignleft size-full is-resized\"><img loading=\"lazy\" decoding=\"async\" width=\"560\" height=\"604\" src=\"https:\/\/elimfamilyfellowship.com\/elimspain\/wp-content\/uploads\/sites\/2\/2024\/05\/pat.jpg\" alt=\"\" class=\"wp-image-712\" style=\"width:180px;height:auto\" srcset=\"https:\/\/elimfamilyfellowship.com\/elimspain\/wp-content\/uploads\/sites\/2\/2024\/05\/pat.jpg 560w, https:\/\/elimfamilyfellowship.com\/elimspain\/wp-content\/uploads\/sites\/2\/2024\/05\/pat-278x300.jpg 278w\" sizes=\"auto, (max-width: 560px) 100vw, 560px\" \/><figcaption class=\"wp-element-caption\"><strong>Pastora Patricia and Antonio<\/strong><\/figcaption><\/figure>\n<\/div>\n\n\n<p><strong>Elim International Christian Community<\/strong> is situated in a town called Almu\u00f1\u00e9car&nbsp;on the coast of Granada in Spain.&nbsp;Patricia Mingorance, is an Elim Espa\u00f1a ordained minister and together with husband Antonio began a&nbsp;Christian fellowship there in 2004&nbsp;and over the years&nbsp;have seen&nbsp;many changes.&nbsp;They&nbsp;have met in several different&nbsp;places, starting&nbsp;out&nbsp;in a flamenco bar,&nbsp;moving to&nbsp;a hotel,&nbsp;and using the meeting room of a local Spanish&nbsp;Pentecostal church, to mention&nbsp;a few,&nbsp;before acquiring a meeting place&nbsp;of their own&nbsp;which now gives more freedom&nbsp;for&nbsp;ministry.<\/p>\n\n\n\n<p><\/p>\n\n\n<div class=\"wp-block-image\">\n<figure class=\"alignright size-full is-resized\"><img loading=\"lazy\" decoding=\"async\" width=\"679\" height=\"679\" src=\"https:\/\/elimfamilyfellowship.com\/elimspain\/wp-content\/uploads\/sites\/2\/2024\/05\/congregation-almunecar.jpg\" alt=\"\" class=\"wp-image-713\" style=\"width:254px;height:auto\" srcset=\"https:\/\/elimfamilyfellowship.com\/elimspain\/wp-content\/uploads\/sites\/2\/2024\/05\/congregation-almunecar.jpg 679w, https:\/\/elimfamilyfellowship.com\/elimspain\/wp-content\/uploads\/sites\/2\/2024\/05\/congregation-almunecar-300x300.jpg 300w, https:\/\/elimfamilyfellowship.com\/elimspain\/wp-content\/uploads\/sites\/2\/2024\/05\/congregation-almunecar-400x400.jpg 400w, https:\/\/elimfamilyfellowship.com\/elimspain\/wp-content\/uploads\/sites\/2\/2024\/05\/congregation-almunecar-100x100.jpg 100w\" sizes=\"auto, (max-width: 679px) 100vw, 679px\" \/><\/figure>\n<\/div>\n\n\n<p>The core congregation is small but growing and there is an&nbsp;\u2018extended congregation\u2019 of people who&nbsp;visit&nbsp;the town regularly but don\u2019t actually live there.&nbsp;Because of the fluid nature of people coming and going&nbsp;all the&nbsp;time it has been difficult to&nbsp;set up outreach programs&nbsp;but recently, through working together with the YWAM group now based in the town, there are various opportunities to be part&nbsp;of outreach to&nbsp;children and young&nbsp;adults, particularly in the summer and&nbsp;on&nbsp;other various fiesta occasions. There are also ample opportunities&nbsp;to be involved in worship,&nbsp;leading bible studies and prayer meetings,&nbsp;and bringing God\u2019s Word at the Sunday service.<\/p>\n\n\n\n<p><\/p>\n\n\n<div class=\"wp-block-image\">\n<figure class=\"alignleft size-full is-resized\"><img loading=\"lazy\" decoding=\"async\" width=\"536\" height=\"395\" src=\"https:\/\/elimfamilyfellowship.com\/elimspain\/wp-content\/uploads\/sites\/2\/2024\/05\/worship-almunecar.jpg\" alt=\"\" class=\"wp-image-714\" style=\"width:307px;height:auto\" srcset=\"https:\/\/elimfamilyfellowship.com\/elimspain\/wp-content\/uploads\/sites\/2\/2024\/05\/worship-almunecar.jpg 536w, https:\/\/elimfamilyfellowship.com\/elimspain\/wp-content\/uploads\/sites\/2\/2024\/05\/worship-almunecar-407x300.jpg 407w\" sizes=\"auto, (max-width: 536px) 100vw, 536px\" \/><\/figure>\n<\/div>\n\n\n<p>Because the&nbsp;town is&nbsp;very cosmopolitan with many nationalities&nbsp;living there the&nbsp;ministry is predominantly&nbsp;English speaking although&nbsp;services can be translated into Spanish.&nbsp;The vision has always been to see people&nbsp;saved and become disciples of Jesus Christ&nbsp;according to&nbsp;Matthew&nbsp;28:19 \u2013 20,&nbsp;and because&nbsp;of the&nbsp;multi-cultural&nbsp;population&nbsp;of the&nbsp;town, it&nbsp;can be&nbsp;challenging but&nbsp;also exciting to see people come into their God&nbsp;given purpose.&nbsp;<\/p>\n\n\n\n<p><\/p>\n\n\n<div class=\"wp-block-image\">\n<figure class=\"alignright size-full is-resized\"><img loading=\"lazy\" decoding=\"async\" width=\"831\" height=\"631\" src=\"https:\/\/elimfamilyfellowship.com\/elimspain\/wp-content\/uploads\/sites\/2\/2024\/05\/congregation-almunecar-2.jpg\" alt=\"\" class=\"wp-image-715\" style=\"width:308px;height:auto\" srcset=\"https:\/\/elimfamilyfellowship.com\/elimspain\/wp-content\/uploads\/sites\/2\/2024\/05\/congregation-almunecar-2.jpg 831w, https:\/\/elimfamilyfellowship.com\/elimspain\/wp-content\/uploads\/sites\/2\/2024\/05\/congregation-almunecar-2-395x300.jpg 395w, https:\/\/elimfamilyfellowship.com\/elimspain\/wp-content\/uploads\/sites\/2\/2024\/05\/congregation-almunecar-2-768x583.jpg 768w\" sizes=\"auto, (max-width: 831px) 100vw, 831px\" \/><\/figure>\n<\/div>","protected":false},"excerpt":{"rendered":"<p>https:\/\/www.facebook.com\/elimalmunecar Elim International Christian Community is situated in a town called Almu\u00f1\u00e9car&nbsp;on the coast of Granada in Spain.&nbsp;Patricia Mingorance, is an Elim Espa\u00f1a ordained minister and together with husband Antonio began a&nbsp;Christian fellowship there in 2004&nbsp;and over the years&nbsp;have seen&nbsp;many changes.&nbsp;They&nbsp;have met in several different&nbsp;places, starting&nbsp;out&nbsp;in a flamenco bar,&nbsp;moving to&nbsp;a hotel,&nbsp;and using the meeting room&hellip;<\/p>\n","protected":false},"author":2,"featured_media":746,"parent":0,"menu_order":0,"comment_status":"closed","ping_status":"closed","template":"","meta":{"episode_type":"","audio_file":"","podmotor_file_id":"","podmotor_episode_id":"","cover_image":"","cover_image_id":"","duration":"","filesize":"","filesize_raw":"","date_recorded":"","explicit":"","block":"","itunes_episode_number":"","itunes_title":"","itunes_season_number":"","itunes_episode_type":"","footnotes":""},"class_list":["post-711","page","type-page","status-publish","has-post-thumbnail","hentry","ctfw-has-image"],"_links":{"self":[{"href":"https:\/\/elimfamilyfellowship.com\/elimspain\/wp-json\/wp\/v2\/pages\/711","targetHints":{"allow":["GET"]}}],"collection":[{"href":"https:\/\/elimfamilyfellowship.com\/elimspain\/wp-json\/wp\/v2\/pages"}],"about":[{"href":"https:\/\/elimfamilyfellowship.com\/elimspain\/wp-json\/wp\/v2\/types\/page"}],"author":[{"embeddable":true,"href":"https:\/\/elimfamilyfellowship.com\/elimspain\/wp-json\/wp\/v2\/users\/2"}],"replies":[{"embeddable":true,"href":"https:\/\/elimfamilyfellowship.com\/elimspain\/wp-json\/wp\/v2\/comments?post=711"}],"version-history":[{"count":5,"href":"https:\/\/elimfamilyfellowship.com\/elimspain\/wp-json\/wp\/v2\/pages\/711\/revisions"}],"predecessor-version":[{"id":853,"href":"https:\/\/elimfamilyfellowship.com\/elimspain\/wp-json\/wp\/v2\/pages\/711\/revisions\/853"}],"wp:featuredmedia":[{"embeddable":true,"href":"https:\/\/elimfamilyfellowship.com\/elimspain\/wp-json\/wp\/v2\/media\/746"}],"wp:attachment":[{"href":"https:\/\/elimfamilyfellowship.com\/elimspain\/wp-json\/wp\/v2\/media?parent=711"}],"curies":[{"name":"wp","href":"https:\/\/api.w.org\/{rel}","templated":true}]}}