{"id":645,"date":"2024-01-13T10:54:31","date_gmt":"2024-01-13T09:54:31","guid":{"rendered":"https:\/\/elimfamilyfellowship.com\/elimspain\/?page_id=645"},"modified":"2024-01-13T10:54:34","modified_gmt":"2024-01-13T09:54:34","slug":"federacion-elim-pentecostal-ministro-a-en-formacion-informe-trimestral","status":"publish","type":"page","link":"https:\/\/elimfamilyfellowship.com\/elimspain\/federacion-elim-pentecostal-ministro-a-en-formacion-informe-trimestral\/","title":{"rendered":"FEDERACI\u00d3N ELIM PENTECOSTAL MINISTRO\/A EN FORMACI\u00d3N INFORME TRIMESTRAL"},"content":{"rendered":"<style id=\"wpforms-css-vars-root\">\n\t\t\t\t:root {\n\t\t\t\t\t--wpforms-field-border-radius: 3px;\n--wpforms-field-background-color: #ffffff;\n--wpforms-field-border-color: rgba( 0, 0, 0, 0.25 );\n--wpforms-field-text-color: rgba( 0, 0, 0, 0.7 );\n--wpforms-label-color: rgba( 0, 0, 0, 0.85 );\n--wpforms-label-sublabel-color: rgba( 0, 0, 0, 0.55 );\n--wpforms-label-error-color: #d63637;\n--wpforms-button-border-radius: 3px;\n--wpforms-button-background-color: #066aab;\n--wpforms-button-text-color: #ffffff;\n--wpforms-field-size-input-height: 43px;\n--wpforms-field-size-input-spacing: 15px;\n--wpforms-field-size-font-size: 16px;\n--wpforms-field-size-line-height: 19px;\n--wpforms-field-size-padding-h: 14px;\n--wpforms-field-size-checkbox-size: 16px;\n--wpforms-field-size-sublabel-spacing: 5px;\n--wpforms-field-size-icon-size: 1;\n--wpforms-label-size-font-size: 16px;\n--wpforms-label-size-line-height: 19px;\n--wpforms-label-size-sublabel-font-size: 14px;\n--wpforms-label-size-sublabel-line-height: 17px;\n--wpforms-button-size-font-size: 17px;\n--wpforms-button-size-height: 41px;\n--wpforms-button-size-padding-h: 15px;\n--wpforms-button-size-margin-top: 10px;\n\n\t\t\t\t}\n\t\t\t<\/style><div class=\"wpforms-container wpforms-container-full wpforms-block wpforms-block-feba4f78-fce7-4229-8608-cfe86734cb50 wpforms-render-modern\" id=\"wpforms-630\"><form id=\"wpforms-form-630\" class=\"wpforms-validate wpforms-form wpforms-ajax-form\" data-formid=\"630\" method=\"post\" enctype=\"multipart\/form-data\" action=\"\/elimspain\/wp-json\/wp\/v2\/pages\/645\" data-token=\"8f62acbfc7d4325812c651028f99da1c\"><noscript class=\"wpforms-error-noscript\">Please enable JavaScript in your browser to complete this form.<\/noscript><div class=\"wpforms-hidden\" id=\"wpforms-error-noscript\">Please enable JavaScript in your browser to complete this form.<\/div><div class=\"wpforms-field-container\"><div id=\"wpforms-630-field_0-container\" class=\"wpforms-field wpforms-field-name\" data-field-id=\"0\"><label class=\"wpforms-field-label\" for=\"wpforms-630-field_0\">NOMBRE <span class=\"wpforms-required-label\" aria-hidden=\"true\">*<\/span><\/label><input type=\"text\" id=\"wpforms-630-field_0\" class=\"wpforms-field-medium wpforms-field-required\" name=\"wpforms[fields][0]\" aria-errormessage=\"wpforms-630-field_0-error\" required><\/div><div id=\"wpforms-630-field_1-container\" class=\"wpforms-field wpforms-field-email\" data-field-id=\"1\"><label class=\"wpforms-field-label\" for=\"wpforms-630-field_1\">Email <span class=\"wpforms-required-label\" aria-hidden=\"true\">*<\/span><\/label><input type=\"email\" id=\"wpforms-630-field_1\" class=\"wpforms-field-medium wpforms-field-required\" name=\"wpforms[fields][1]\" spellcheck=\"false\" aria-errormessage=\"wpforms-630-field_1-error\" required><\/div><div id=\"wpforms-630-field_7-container\" class=\"wpforms-field wpforms-field-text\" data-field-id=\"7\"><label class=\"wpforms-field-label\" for=\"wpforms-630-field_7\">IGLESIA<\/label><input type=\"text\" id=\"wpforms-630-field_7\" class=\"wpforms-field-medium\" name=\"wpforms[fields][7]\" aria-errormessage=\"wpforms-630-field_7-error\" ><\/div><div id=\"wpforms-630-field_35-container\" class=\"wpforms-field wpforms-field-radio\" data-field-id=\"35\"><fieldset><legend class=\"wpforms-field-label\">Multiple Choice <span class=\"wpforms-required-label\" aria-hidden=\"true\">*<\/span><\/legend><ul id=\"wpforms-630-field_35\" class=\"wpforms-field-required\"><li class=\"choice-1 depth-1 wpforms-selected\"><input type=\"radio\" id=\"wpforms-630-field_35_1\" name=\"wpforms[fields][35]\" value=\"ENERO-MARZO T1\" aria-errormessage=\"wpforms-630-field_35_1-error\" aria-describedby=\"wpforms-630-field_35-description\" required  checked='checked'><label class=\"wpforms-field-label-inline\" for=\"wpforms-630-field_35_1\">ENERO-MARZO T1<\/label><\/li><li class=\"choice-2 depth-1\"><input type=\"radio\" id=\"wpforms-630-field_35_2\" name=\"wpforms[fields][35]\" value=\"ABRIL-JUNIO T2\" aria-errormessage=\"wpforms-630-field_35_2-error\" aria-describedby=\"wpforms-630-field_35-description\" required ><label class=\"wpforms-field-label-inline\" for=\"wpforms-630-field_35_2\">ABRIL-JUNIO T2<\/label><\/li><li class=\"choice-5 depth-1\"><input type=\"radio\" id=\"wpforms-630-field_35_5\" name=\"wpforms[fields][35]\" value=\"JULIO-SEPT T3\" aria-errormessage=\"wpforms-630-field_35_5-error\" aria-describedby=\"wpforms-630-field_35-description\" required ><label class=\"wpforms-field-label-inline\" for=\"wpforms-630-field_35_5\">JULIO-SEPT T3<\/label><\/li><li class=\"choice-6 depth-1\"><input type=\"radio\" id=\"wpforms-630-field_35_6\" name=\"wpforms[fields][35]\" value=\"OCT-DEC T4\" aria-errormessage=\"wpforms-630-field_35_6-error\" aria-describedby=\"wpforms-630-field_35-description\" required ><label class=\"wpforms-field-label-inline\" for=\"wpforms-630-field_35_6\">OCT-DEC T4<\/label><\/li><\/ul><div id=\"wpforms-630-field_35-description\" class=\"wpforms-field-description\">Seleccione un per\u00edodo de tiempo al que tambi\u00e9n se refiere.<\/div><\/fieldset><\/div><div id=\"wpforms-630-field_2-container\" class=\"wpforms-field wpforms-field-textarea\" data-field-id=\"2\"><label class=\"wpforms-field-label\" for=\"wpforms-630-field_2\">1.\t\u00bf Qu\u00e9 responsabilidades has tenido en la iglesia durante los \u00faltimos tres meses? <span class=\"wpforms-required-label\" aria-hidden=\"true\">*<\/span><\/label><textarea id=\"wpforms-630-field_2\" class=\"wpforms-field-medium wpforms-field-required\" name=\"wpforms[fields][2]\" aria-errormessage=\"wpforms-630-field_2-error\" aria-describedby=\"wpforms-630-field_2-description\" required><\/textarea><div id=\"wpforms-630-field_2-description\" class=\"wpforms-field-description\"> \u00bfC\u00f3mo te has adaptado a estas responsabilidades?<\/div><\/div><div id=\"wpforms-630-field_5-container\" class=\"wpforms-field wpforms-field-textarea\" data-field-id=\"5\"><label class=\"wpforms-field-label\" for=\"wpforms-630-field_5\">2.\t\u00bf Te has enfrentado a alg\u00fan desaf\u00edo nuevo o aprendido alg\u00fan concepto nuevo durante este periodo? <span class=\"wpforms-required-label\" aria-hidden=\"true\">*<\/span><\/label><textarea id=\"wpforms-630-field_5\" class=\"wpforms-field-medium wpforms-field-required\" name=\"wpforms[fields][5]\" aria-errormessage=\"wpforms-630-field_5-error\" required><\/textarea><\/div><div id=\"wpforms-630-field_16-container\" class=\"wpforms-field wpforms-field-textarea\" data-field-id=\"16\"><label class=\"wpforms-field-label\" for=\"wpforms-630-field_16\">3.\t\u00bfQu\u00e9 eventos especiales han tenido lugar durante este periodo y c\u00f3mo has evaluado los resultados? <\/label><textarea id=\"wpforms-630-field_16\" class=\"wpforms-field-medium\" name=\"wpforms[fields][16]\" aria-errormessage=\"wpforms-630-field_16-error\" ><\/textarea><\/div><div id=\"wpforms-630-field_15-container\" class=\"wpforms-field wpforms-field-textarea\" data-field-id=\"15\"><label class=\"wpforms-field-label\" for=\"wpforms-630-field_15\">4.\t\u00bfQu\u00e9 te ha dado m\u00e1s aliento en la iglesia durante estos \u00faltimos tres meses?<\/label><textarea id=\"wpforms-630-field_15\" class=\"wpforms-field-medium\" name=\"wpforms[fields][15]\" aria-errormessage=\"wpforms-630-field_15-error\" ><\/textarea><\/div><div id=\"wpforms-630-field_19-container\" class=\"wpforms-field wpforms-field-textarea\" data-field-id=\"19\"><label class=\"wpforms-field-label\" for=\"wpforms-630-field_19\">5.\t\u00bfEn qu\u00e9 \u00e1reas has visto crecimiento espiritual en las vidas de aquellos a quienes has ministrado?<\/label><textarea id=\"wpforms-630-field_19\" class=\"wpforms-field-medium\" name=\"wpforms[fields][19]\" aria-errormessage=\"wpforms-630-field_19-error\" ><\/textarea><\/div><div id=\"wpforms-630-field_22-container\" class=\"wpforms-field wpforms-field-textarea\" data-field-id=\"22\"><label class=\"wpforms-field-label\" for=\"wpforms-630-field_22\">6.\t\u00bfCu\u00e1l ha sido el enfoque en tu ministerio de ense\u00f1anza estos \u00faltimos tres meses?<\/label><textarea id=\"wpforms-630-field_22\" class=\"wpforms-field-medium\" name=\"wpforms[fields][22]\" aria-errormessage=\"wpforms-630-field_22-error\" ><\/textarea><\/div><div id=\"wpforms-630-field_21-container\" class=\"wpforms-field wpforms-field-textarea\" data-field-id=\"21\"><label class=\"wpforms-field-label\" for=\"wpforms-630-field_21\">7.\t\u00bfQu\u00e9 resultados espec\u00edficos has visto a consecuencia de tu ministerio?<\/label><textarea id=\"wpforms-630-field_21\" class=\"wpforms-field-medium\" name=\"wpforms[fields][21]\" aria-errormessage=\"wpforms-630-field_21-error\" ><\/textarea><\/div><div id=\"wpforms-630-field_20-container\" class=\"wpforms-field wpforms-field-textarea\" data-field-id=\"20\"><label class=\"wpforms-field-label\" for=\"wpforms-630-field_20\">8.\t\u00bfHay alguna responsabilidad en el ministerio de la iglesia en la que valorar\u00edas consejo, orientaci\u00f3n adicional o capacitaci\u00f3n?<\/label><textarea id=\"wpforms-630-field_20\" class=\"wpforms-field-medium\" name=\"wpforms[fields][20]\" aria-errormessage=\"wpforms-630-field_20-error\" ><\/textarea><\/div><div id=\"wpforms-630-field_14-container\" class=\"wpforms-field wpforms-field-textarea\" data-field-id=\"14\"><label class=\"wpforms-field-label\" for=\"wpforms-630-field_14\">B.\tPERSONAL  1.\t\u00bfCu\u00e1les son tus objetivos a corto plazo para los pr\u00f3ximos tres meses?<\/label><textarea id=\"wpforms-630-field_14\" class=\"wpforms-field-medium\" name=\"wpforms[fields][14]\" aria-errormessage=\"wpforms-630-field_14-error\" aria-describedby=\"wpforms-630-field_14-description\" ><\/textarea><div id=\"wpforms-630-field_14-description\" class=\"wpforms-field-description\"> (por ejemplo, iglesia, familia, crecimiento espiritual personal) <\/div><\/div><div id=\"wpforms-630-field_30-container\" class=\"wpforms-field wpforms-field-select wpforms-field-select-style-classic\" data-field-id=\"30\"><label class=\"wpforms-field-label\" for=\"wpforms-630-field_30\">2.\tFamilia:-  \u2022\t\u00bfTiene tu esposa\/esposo un papel activo en la iglesia? <span class=\"wpforms-required-label\" aria-hidden=\"true\">*<\/span><\/label><select id=\"wpforms-630-field_30\" class=\"wpforms-field-medium wpforms-field-required\" name=\"wpforms[fields][30]\" required=\"required\"><option value=\"SI\"  selected='selected'>SI<\/option><option value=\"NO\" >NO<\/option><\/select><\/div><div id=\"wpforms-630-field_31-container\" class=\"wpforms-field wpforms-field-select wpforms-field-select-style-classic\" data-field-id=\"31\"><label class=\"wpforms-field-label\" for=\"wpforms-630-field_31\">\u2022\t\u00bfEsta tu esposa\/esposo contenta\/o con tu situaci\u00f3n actual?<\/label><select id=\"wpforms-630-field_31\" class=\"wpforms-field-medium\" name=\"wpforms[fields][31]\"><option value=\"SI\"  selected='selected'>SI<\/option><option value=\"NO\" >NO<\/option><\/select><\/div><div id=\"wpforms-630-field_17-container\" class=\"wpforms-field wpforms-field-textarea\" data-field-id=\"17\"><label class=\"wpforms-field-label\" for=\"wpforms-630-field_17\">\u2022\tSi tienes hijos, \u00bfc\u00f3mo les afectan las exigencias del ministerio?<\/label><textarea id=\"wpforms-630-field_17\" class=\"wpforms-field-medium\" name=\"wpforms[fields][17]\" aria-errormessage=\"wpforms-630-field_17-error\" ><\/textarea><\/div><div id=\"wpforms-630-field_24-container\" class=\"wpforms-field wpforms-field-textarea\" data-field-id=\"24\"><label class=\"wpforms-field-label\" for=\"wpforms-630-field_24\">3.\t\u00bfHay algo que haya sido motivo de preocupaci\u00f3n o ansiedad? <\/label><textarea id=\"wpforms-630-field_24\" class=\"wpforms-field-medium\" name=\"wpforms[fields][24]\" aria-errormessage=\"wpforms-630-field_24-error\" ><\/textarea><\/div><div id=\"wpforms-630-field_25-container\" class=\"wpforms-field wpforms-field-textarea\" data-field-id=\"25\"><label class=\"wpforms-field-label\" for=\"wpforms-630-field_25\">C ESTUDIOS   1.\t\u00bfQu\u00e9 cursos ICI has completado y qu\u00e9 est\u00e1s estudiando ahora? <span class=\"wpforms-required-label\" aria-hidden=\"true\">*<\/span><\/label><textarea id=\"wpforms-630-field_25\" class=\"wpforms-field-medium wpforms-field-required\" name=\"wpforms[fields][25]\" aria-errormessage=\"wpforms-630-field_25-error\" required><\/textarea><\/div><div id=\"wpforms-630-field_27-container\" class=\"wpforms-field wpforms-field-textarea\" data-field-id=\"27\"><label class=\"wpforms-field-label\" for=\"wpforms-630-field_27\">2.\t\u00bfQu\u00e9 te parecen los estudios?<\/label><textarea id=\"wpforms-630-field_27\" class=\"wpforms-field-medium\" name=\"wpforms[fields][27]\" aria-errormessage=\"wpforms-630-field_27-error\" aria-describedby=\"wpforms-630-field_27-description\" ><\/textarea><div id=\"wpforms-630-field_27-description\" class=\"wpforms-field-description\">\u00bfPuedes dedicarle tiempo, los comprende y aprende de ellos o est\u00e1n resultando dif\u00edciles? Por favor d\u00e9 ejemplos.<\/div><\/div><div id=\"wpforms-630-field_26-container\" class=\"wpforms-field wpforms-field-textarea\" data-field-id=\"26\"><label class=\"wpforms-field-label\" for=\"wpforms-630-field_26\">3.\t\u00bfEst\u00e1s satisfecho con el apoyo que recibes del pastor supervisor (Pastor Gabriel) o te gustar\u00eda tener una mayor participaci\u00f3n personal? Por favor d\u00e9 ejemplos.<\/label><textarea id=\"wpforms-630-field_26\" class=\"wpforms-field-medium\" name=\"wpforms[fields][26]\" aria-errormessage=\"wpforms-630-field_26-error\" ><\/textarea><\/div><div id=\"wpforms-630-field_36-container\" class=\"wpforms-field wpforms-field-radio\" data-field-id=\"36\"><fieldset><legend class=\"wpforms-field-label\">\u00bfSientes la necesidad de ponerte en contacto con el Coordinador Nacional (pastor Howard) sobre alg\u00fan tema relacionado con tu vida o el ministerio?<\/legend><ul id=\"wpforms-630-field_36\"><li class=\"choice-1 depth-1\"><input type=\"radio\" id=\"wpforms-630-field_36_1\" name=\"wpforms[fields][36]\" value=\"SI POR FAVOR\" aria-errormessage=\"wpforms-630-field_36_1-error\"  ><label class=\"wpforms-field-label-inline\" for=\"wpforms-630-field_36_1\">SI POR FAVOR<\/label><\/li><li class=\"choice-2 depth-1 wpforms-selected\"><input type=\"radio\" id=\"wpforms-630-field_36_2\" name=\"wpforms[fields][36]\" value=\"NO GRACIAS\" aria-errormessage=\"wpforms-630-field_36_2-error\"   checked='checked'><label class=\"wpforms-field-label-inline\" for=\"wpforms-630-field_36_2\">NO GRACIAS<\/label><\/li><\/ul><\/fieldset><\/div><div id=\"wpforms-630-field_4-container\" class=\"wpforms-field wpforms-field-checkbox\" data-field-id=\"4\"><fieldset><legend class=\"wpforms-field-label\">CONDICIONES Y T\u00c9RMINOS <span class=\"wpforms-required-label\" aria-hidden=\"true\">*<\/span><\/legend><ul id=\"wpforms-630-field_4\" class=\"wpforms-field-required\"><li class=\"choice-1 depth-1\"><input type=\"checkbox\" id=\"wpforms-630-field_4_1\" name=\"wpforms[fields][4][]\" value=\"Entiendo y acepto los t\u00e9rminos.\" aria-errormessage=\"wpforms-630-field_4_1-error\" aria-describedby=\"wpforms-630-field_4-description\" required ><label class=\"wpforms-field-label-inline\" for=\"wpforms-630-field_4_1\">Entiendo y acepto los t\u00e9rminos.<\/label><\/li><\/ul><div id=\"wpforms-630-field_4-description\" class=\"wpforms-field-description wpforms-disclaimer-description\">Al marcar la casilla de arriba, usted acepta y confirma que todos los informes de servicio comunitario son verdaderos y precisos. Usted reconoce que su asesor de servicio puede comunicarse con la ubicaci\u00f3n para confirmar su participaci\u00f3n.<\/div><\/fieldset><\/div><\/div><!-- .wpforms-field-container --><div class=\"wpforms-submit-container\" ><input type=\"hidden\" name=\"wpforms[id]\" value=\"630\"><input type=\"hidden\" name=\"wpforms[author]\" value=\"2\"><button type=\"submit\" name=\"wpforms[submit]\" id=\"wpforms-submit-630\" class=\"wpforms-submit\" data-alt-text=\"Sending...\" data-submit-text=\"Submit\" aria-live=\"assertive\" value=\"wpforms-submit\">Submit<\/button><img loading=\"lazy\" decoding=\"async\" src=\"https:\/\/elimfamilyfellowship.com\/elimspain\/wp-content\/plugins\/wpforms\/assets\/images\/submit-spin.svg\" class=\"wpforms-submit-spinner\" style=\"display: none;\" width=\"26\" height=\"26\" alt=\"Loading\"><\/div><\/form><\/div>  <!-- .wpforms-container -->","protected":false},"excerpt":{"rendered":"","protected":false},"author":2,"featured_media":0,"parent":0,"menu_order":0,"comment_status":"closed","ping_status":"closed","template":"","meta":{"episode_type":"","audio_file":"","podmotor_file_id":"","podmotor_episode_id":"","cover_image":"","cover_image_id":"","duration":"","filesize":"","filesize_raw":"","date_recorded":"","explicit":"","block":"","itunes_episode_number":"","itunes_title":"","itunes_season_number":"","itunes_episode_type":"","footnotes":""},"class_list":["post-645","page","type-page","status-publish","hentry","ctfw-no-image"],"_links":{"self":[{"href":"https:\/\/elimfamilyfellowship.com\/elimspain\/wp-json\/wp\/v2\/pages\/645","targetHints":{"allow":["GET"]}}],"collection":[{"href":"https:\/\/elimfamilyfellowship.com\/elimspain\/wp-json\/wp\/v2\/pages"}],"about":[{"href":"https:\/\/elimfamilyfellowship.com\/elimspain\/wp-json\/wp\/v2\/types\/page"}],"author":[{"embeddable":true,"href":"https:\/\/elimfamilyfellowship.com\/elimspain\/wp-json\/wp\/v2\/users\/2"}],"replies":[{"embeddable":true,"href":"https:\/\/elimfamilyfellowship.com\/elimspain\/wp-json\/wp\/v2\/comments?post=645"}],"version-history":[{"count":1,"href":"https:\/\/elimfamilyfellowship.com\/elimspain\/wp-json\/wp\/v2\/pages\/645\/revisions"}],"predecessor-version":[{"id":646,"href":"https:\/\/elimfamilyfellowship.com\/elimspain\/wp-json\/wp\/v2\/pages\/645\/revisions\/646"}],"wp:attachment":[{"href":"https:\/\/elimfamilyfellowship.com\/elimspain\/wp-json\/wp\/v2\/media?parent=645"}],"curies":[{"name":"wp","href":"https:\/\/api.w.org\/{rel}","templated":true}]}}