{"id":125,"date":"2017-07-11T12:48:37","date_gmt":"2017-07-11T11:48:37","guid":{"rendered":"http:\/\/elimspain.elimfamilyfellowship.com\/?page_id=125"},"modified":"2025-10-01T14:27:01","modified_gmt":"2025-10-01T12:27:01","slug":"elim-en-espana","status":"publish","type":"page","link":"https:\/\/elimfamilyfellowship.com\/elimspain\/elim-en-espana\/","title":{"rendered":"Elim en Espa\u00f1a"},"content":{"rendered":"\n\n<style type=\"text\/css\">\n<!--\n\n.prisna-gwt-align-left {\n\ttext-align: left !important;\n}\n.prisna-gwt-align-right {\n\ttext-align: right !important;\n}\n\n\n\nbody {\n\ttop: 0 !important;\n}\n.goog-te-banner-frame {\n\tdisplay: none !important;\n\tvisibility: hidden !important;\n}\n\n#goog-gt-tt,\n.goog-tooltip,\n.goog-tooltip:hover {\n\tdisplay: none !important;\n}\n.goog-text-highlight {\n\tbackground-color: transparent !important;\n\tborder: none !important;\n\tbox-shadow: none !important;\n}\n.translated-rtl font,\n.translated-ltr font {\n\tbackground-color: transparent !important;\n\tbox-shadow: none !important;\n\tbox-sizing: border-box !important;\n\t-webkit-box-sizing: border-box !important;\n\t-moz-box-sizing: border-box !important;\n}\n\n-->\n<\/style>\n\n\n\n<div id=\"google_translate_element\" class=\"prisna-gwt-align-left\"><\/div>\n<script type=\"text\/javascript\">\n\/*<![CDATA[*\/\nfunction initializeGoogleTranslateElement() {\n\tnew google.translate.TranslateElement({\n\t\tpageLanguage: \"en\",\n\t\tlayout: google.translate.TranslateElement.InlineLayout.HORIZONTAL,\n\t\tincludedLanguages: \"ca,en,es\"\n\t}, \"google_translate_element\");\n}\n\/*]]>*\/\n<\/script>\n<script type=\"text\/javascript\" src=\"\/\/translate.google.com\/translate_a\/element.js?cb=initializeGoogleTranslateElement\"><\/script>\n\n\n<p>La denominaci\u00f3n de Elim Espa\u00f1a fue constitu\u00edda en 1995 y registrada de manera oficial en Febrero del 2009 como Federaci\u00f3n Elim Pentecostal.<\/p>\n<p>El pastor George Thomas empez\u00f3 el trabajo de Elim en la d\u00e9cada de 1930 pero tuvo que dejar el proyecto al inicio de la Guerra Civil espa\u00f1ola. Fue en la d\u00e9cada de los ochenta cuando Elim comenz\u00f3 a trabajar de nuevo en Espa\u00f1a, con Misioneros de Elim,(Andy and Yolanda Smith) que en 1981 fueron a Figueres, una ciudad de la provincia de Girona, al Noreste de Espa\u00f1a.. La iglesia fue fundada a trav\u00e9s del evangelismo, los grupos en el hogar y los trabajos penintenciarios.<\/p>\n<p>El primer Euroteam a corto plazo visit\u00f3 dicha iglesia en 1982, cuando un grupo de j\u00f3venes fueron a animar y a apoyar su trabajo a trav\u00e9s del Evangelismo.<\/p>\n<p>John &amp; Valerie Knox llegaron a Espa\u00f1a como misioneros de Elim en julio de 1995 cuando la denominaci\u00f3n de Elim Espa\u00f1a fue formado. En el a\u00f1o 2000 tom\u00f3 la posici\u00f3n de los pastores de la iglesia de Girona que se plant\u00f3 por la iglesia de Figueres en la d\u00e9cada de 1990. Como Presidente de Elim Espa\u00f1a, John registrados oficialmente &#8220;Federaci\u00f3n Elim Pentecostal&#8221; en febrero de 2009. John y Val se retiraron al Reino Unido a finales de 2015.<\/p>\n<p>Howard Coley, un ministro ordenado Elim del Reino Unido, lleg\u00f3 a Espa\u00f1a en 1990, plant\u00f3 dos iglesias en Andaluc\u00eda y, como miembro del equipo de liderazgo nacional, ayud\u00f3 a establecer la Federaci\u00f3n Elim Pentecostal y asumi\u00f3 el cargo de presidente en 2015.<\/p>\n<p style=\"text-align: center;\"><strong><img loading=\"lazy\" decoding=\"async\" class=\"alignnone size-medium wp-image-808\" src=\"https:\/\/elimfamilyfellowship.com\/elimspain\/wp-content\/uploads\/sites\/2\/2024\/12\/FEP-consejo-2025-554x300.jpeg\" alt=\"\" width=\"554\" height=\"300\" srcset=\"https:\/\/elimfamilyfellowship.com\/elimspain\/wp-content\/uploads\/sites\/2\/2024\/12\/FEP-consejo-2025-554x300.jpeg 554w, https:\/\/elimfamilyfellowship.com\/elimspain\/wp-content\/uploads\/sites\/2\/2024\/12\/FEP-consejo-2025-1110x601.jpeg 1110w, https:\/\/elimfamilyfellowship.com\/elimspain\/wp-content\/uploads\/sites\/2\/2024\/12\/FEP-consejo-2025-768x416.jpeg 768w, https:\/\/elimfamilyfellowship.com\/elimspain\/wp-content\/uploads\/sites\/2\/2024\/12\/FEP-consejo-2025.jpeg 1440w\" sizes=\"auto, (max-width: 554px) 100vw, 554px\" \/><br \/><\/strong><\/p>\n<p style=\"text-align: center;\"><strong>EQUIPO DE LIDERAZGO NACIONAL 2025<\/strong><\/p>\n\n\n<p><br><\/p>\n\n\n\n<p>BUSCANDO UNA IGLESIA<\/p>\n\n\n\n<iframe loading=\"lazy\" src=\"https:\/\/www.google.com\/maps\/d\/u\/0\/embed?mid=1iqa07vtzudBfbOcOodqTkkO3EiTZtbGq&#038;ehbc=2E312F\" width=\"640\" height=\"480\"><\/iframe>\n","protected":false},"excerpt":{"rendered":"<p>La denominaci\u00f3n de Elim Espa\u00f1a fue constitu\u00edda en 1995 y registrada de manera oficial en Febrero del 2009 como Federaci\u00f3n Elim Pentecostal. El pastor George Thomas empez\u00f3 el trabajo de Elim en la d\u00e9cada de 1930 pero tuvo que dejar el proyecto al inicio de la Guerra Civil espa\u00f1ola. Fue en la d\u00e9cada de los&hellip;<\/p>\n","protected":false},"author":3,"featured_media":671,"parent":0,"menu_order":0,"comment_status":"closed","ping_status":"closed","template":"page-templates\/child-pages.php","meta":{"episode_type":"","audio_file":"","podmotor_file_id":"","podmotor_episode_id":"","cover_image":"","cover_image_id":"","duration":"","filesize":"","filesize_raw":"","date_recorded":"","explicit":"","block":"","itunes_episode_number":"","itunes_title":"","itunes_season_number":"","itunes_episode_type":"","footnotes":""},"class_list":["post-125","page","type-page","status-publish","has-post-thumbnail","hentry","ctfw-has-image"],"_links":{"self":[{"href":"https:\/\/elimfamilyfellowship.com\/elimspain\/wp-json\/wp\/v2\/pages\/125","targetHints":{"allow":["GET"]}}],"collection":[{"href":"https:\/\/elimfamilyfellowship.com\/elimspain\/wp-json\/wp\/v2\/pages"}],"about":[{"href":"https:\/\/elimfamilyfellowship.com\/elimspain\/wp-json\/wp\/v2\/types\/page"}],"author":[{"embeddable":true,"href":"https:\/\/elimfamilyfellowship.com\/elimspain\/wp-json\/wp\/v2\/users\/3"}],"replies":[{"embeddable":true,"href":"https:\/\/elimfamilyfellowship.com\/elimspain\/wp-json\/wp\/v2\/comments?post=125"}],"version-history":[{"count":30,"href":"https:\/\/elimfamilyfellowship.com\/elimspain\/wp-json\/wp\/v2\/pages\/125\/revisions"}],"predecessor-version":[{"id":856,"href":"https:\/\/elimfamilyfellowship.com\/elimspain\/wp-json\/wp\/v2\/pages\/125\/revisions\/856"}],"wp:featuredmedia":[{"embeddable":true,"href":"https:\/\/elimfamilyfellowship.com\/elimspain\/wp-json\/wp\/v2\/media\/671"}],"wp:attachment":[{"href":"https:\/\/elimfamilyfellowship.com\/elimspain\/wp-json\/wp\/v2\/media?parent=125"}],"curies":[{"name":"wp","href":"https:\/\/api.w.org\/{rel}","templated":true}]}}